{"id":11,"date":"2026-02-13T19:16:12","date_gmt":"2026-02-13T18:16:12","guid":{"rendered":"https:\/\/lesnotesdegranit.fr\/?page_id=11"},"modified":"2026-03-23T16:15:57","modified_gmt":"2026-03-23T15:15:57","slug":"accueil","status":"publish","type":"page","link":"https:\/\/lesnotesdegranit.fr\/","title":{"rendered":"Accueil draft"},"content":{"rendered":"\t\t<div data-elementor-type=\"wp-page\" data-elementor-id=\"11\" class=\"elementor elementor-11\">\n\t\t\t\t<div class=\"elementor-element elementor-element-37bb8f53 e-grid e-con-full e-con e-parent\" data-id=\"37bb8f53\" data-element_type=\"container\" data-e-type=\"container\">\n\t\t\t\t<div class=\"elementor-element elementor-element-735bdff3 elementor-widget elementor-widget-text-editor\" data-id=\"735bdff3\" data-element_type=\"widget\" data-e-type=\"widget\" data-widget_type=\"text-editor.default\">\n\t\t\t\t\t\t\t\t\t<p><\/p>\n<p><b>Bienvenue au g\u00eete &#8220;Les Notes de Granit&#8221; !<\/b><\/p><p><b><br><\/b><\/p>\n<p><\/p>\n<p>Le site est en construction, retrouvez nous sur airbnb, booking ou greengo pour r\u00e9server des vacances inoubliables \u00e0 Plobannalec Lesconil dans le finist\u00e8re !<\/p>\n<p><\/p>\n<p>airbnb : <a href=\"https:\/\/www.airbnb.fr\/rooms\/1188323603640185072?check_in=2026-07-17&amp;check_out=2026-07-24&amp;guests=1&amp;adults=4&amp;pets=1&amp;s=67&amp;unique_share_id=3220df53-b852-4359-a3ad-6f48b61a190e\">Les Notes de Granit sur Airbnb<\/a><\/p>\n<p><\/p>\n<p>GreenGo : <a href=\"https:\/\/www.greengo.voyage\/hote\/les-notes-de-granit\/logement\/la-grange-de-corentine-maison-entiere?checkIn=2026-02-20&amp;checkOut=2026-02-28&amp;numberOfBabies=0&amp;numberOfChildren=0&amp;numberOfAdults=2&amp;numberOfPets=0&amp;gift=false&amp;_gl=1*18if57s*_up*MQ..*_ga*MTE3OTk5ODEyNi4xNzcxMDA4NTk4*_ga_0EY938PT0Q*czE3NzEwMDg1OTckbzEkZzAkdDE3NzEwMDg2NTMkajQkbDAkaDE3NDQ3Mjc4NzM.\">Les Notes de Granit sur GreenGo<\/a><\/p>\n<p><\/p>\n<p>Booking : <a href=\"https:\/\/www.booking.com\/hotel\/fr\/longere-en-pierre-les-notes-de-granit.fr.html?label=msn-cmvrz2iIJvoSCIe32hC*fA-79989658705793%3Atikwd-79989834233190%3Aloc-66%3Aneo%3Amte%3Alp189466%3Adec%3Acid518940845%3Aagid1279832834469410-Share-eoQJbzR%401771009199&amp;sid=51625b880b53b71fd7769071eca06372&amp;aid=2369661&amp;ucfs=1&amp;arphpl=1&amp;checkin=2026-03-13&amp;checkout=2026-03-17&amp;dest_id=-1444062&amp;dest_type=city&amp;group_adults=6&amp;req_adults=6&amp;no_rooms=4&amp;group_children=0&amp;req_children=0&amp;hpos=1&amp;hapos=1&amp;sr_order=popularity&amp;srpvid=c5d097979606494573638a41001d6fca&amp;srepoch=1771009252&amp;all_sr_blocks=1571209701_428195354_9_0_0&amp;highlighted_blocks=1571209701_428195354_9_0_0&amp;matching_block_id=1571209701_428195354_9_0_0&amp;sr_pri_blocks=1571209701_428195354_9_0_0__62600&amp;from=searchresults\">Les Notes de Granit sur Booking<\/a><\/p>\n<p><\/p>\n<p>Suivez-nous \u00e9galement sur facebook &#8220;les notes de granit&#8221;, vous y d\u00e9couvrirez notre g\u00eete et ce que la r\u00e9gion peut vous offrir de \u00e0 d\u00e9couvrir!<\/p>\n<p><\/p>\n<ul class=\"wp-block-social-links is-layout-flex wp-block-social-links-is-layout-flex\"><li class=\"wp-social-link wp-social-link-facebook  wp-block-social-link\"><a href=\"https:\/\/www.facebook.com\/profile.php?id=61577999444408\" class=\"wp-block-social-link-anchor\"><svg width=\"24\" height=\"24\" viewBox=\"0 0 24 24\" version=\"1.1\" xmlns=\"http:\/\/www.w3.org\/2000\/svg\" aria-hidden=\"true\" focusable=\"false\"><path d=\"M12 2C6.5 2 2 6.5 2 12c0 5 3.7 9.1 8.4 9.9v-7H7.9V12h2.5V9.8c0-2.5 1.5-3.9 3.8-3.9 1.1 0 2.2.2 2.2.2v2.5h-1.3c-1.2 0-1.6.8-1.6 1.6V12h2.8l-.4 2.9h-2.3v7C18.3 21.1 22 17 22 12c0-5.5-4.5-10-10-10z\"><\/path><\/svg><span class=\"wp-block-social-link-label screen-reader-text\">Facebook<\/span><\/a><\/li><\/ul>\n<p><\/p>\n<p><\/p>\t\t\t\t\t\t\t\t<\/div>\n\t\t\t\t<div class=\"elementor-element elementor-element-d3753a1 elementor-widget elementor-widget-image\" data-id=\"d3753a1\" data-element_type=\"widget\" data-e-type=\"widget\" data-widget_type=\"image.default\">\n\t\t\t\t\t\t\t\t\t\t\t\t\t\t\t<img fetchpriority=\"high\" decoding=\"async\" width=\"896\" height=\"1178\" src=\"https:\/\/lesnotesdegranit.fr\/wp-content\/uploads\/2026\/02\/IMG_20250429_140042-scaled-e1771598837197.jpg\" class=\"attachment-full size-full wp-image-72\" alt=\"\" srcset=\"https:\/\/lesnotesdegranit.fr\/wp-content\/uploads\/2026\/02\/IMG_20250429_140042-scaled-e1771598837197.jpg 896w, https:\/\/lesnotesdegranit.fr\/wp-content\/uploads\/2026\/02\/IMG_20250429_140042-scaled-e1771598837197-228x300.jpg 228w, https:\/\/lesnotesdegranit.fr\/wp-content\/uploads\/2026\/02\/IMG_20250429_140042-scaled-e1771598837197-779x1024.jpg 779w, https:\/\/lesnotesdegranit.fr\/wp-content\/uploads\/2026\/02\/IMG_20250429_140042-scaled-e1771598837197-768x1010.jpg 768w\" sizes=\"(max-width: 896px) 100vw, 896px\" \/>\t\t\t\t\t\t\t\t\t\t\t\t\t\t\t<\/div>\n\t\t\t\t<\/div>\n\t\t\t\t<\/div>\n\t\t","protected":false},"excerpt":{"rendered":"<p>Bienvenue au g\u00eete &#8220;Les Notes de Granit&#8221; ! Le site est en construction, retrouvez nous sur airbnb, booking ou greengo pour r\u00e9server des vacances inoubliables \u00e0 Plobannalec Lesconil dans le finist\u00e8re ! airbnb : Les Notes de Granit sur Airbnb GreenGo : Les Notes de Granit sur GreenGo Booking : Les Notes de Granit sur [&hellip;]<\/p>\n","protected":false},"author":2,"featured_media":0,"parent":0,"menu_order":0,"comment_status":"closed","ping_status":"closed","template":"","meta":{"footnotes":""},"class_list":["post-11","page","type-page","status-publish","hentry"],"_links":{"self":[{"href":"https:\/\/lesnotesdegranit.fr\/index.php?rest_route=\/wp\/v2\/pages\/11","targetHints":{"allow":["GET"]}}],"collection":[{"href":"https:\/\/lesnotesdegranit.fr\/index.php?rest_route=\/wp\/v2\/pages"}],"about":[{"href":"https:\/\/lesnotesdegranit.fr\/index.php?rest_route=\/wp\/v2\/types\/page"}],"author":[{"embeddable":true,"href":"https:\/\/lesnotesdegranit.fr\/index.php?rest_route=\/wp\/v2\/users\/2"}],"replies":[{"embeddable":true,"href":"https:\/\/lesnotesdegranit.fr\/index.php?rest_route=%2Fwp%2Fv2%2Fcomments&post=11"}],"version-history":[{"count":23,"href":"https:\/\/lesnotesdegranit.fr\/index.php?rest_route=\/wp\/v2\/pages\/11\/revisions"}],"predecessor-version":[{"id":78,"href":"https:\/\/lesnotesdegranit.fr\/index.php?rest_route=\/wp\/v2\/pages\/11\/revisions\/78"}],"wp:attachment":[{"href":"https:\/\/lesnotesdegranit.fr\/index.php?rest_route=%2Fwp%2Fv2%2Fmedia&parent=11"}],"curies":[{"name":"wp","href":"https:\/\/api.w.org\/{rel}","templated":true}]}}